{"id":970,"date":"2021-03-24T17:39:40","date_gmt":"2021-03-24T17:39:40","guid":{"rendered":"https:\/\/dev.losdelvolcan.com\/buendia\/?page_id=970"},"modified":"2021-04-08T16:17:19","modified_gmt":"2021-04-08T16:17:19","slug":"legal-advice","status":"publish","type":"page","link":"https:\/\/buendiaestudios.asdeguiaingenieria.com\/en\/legal-advice\/","title":{"rendered":"Legal advice"},"content":{"rendered":"\n<p><strong>1.<\/strong>&nbsp;In compliance with Law 34\/2002, dated July 11, on information society and electronic commerce services, and in relation to each of the companies, we hereby inform you that:<\/p>\n\n\n\n<ul class=\"wp-block-list\"><li>The company name is Buend\u00eda Producci\u00f3n, S.L., with Spanish Tax Id. No. (NIF) B-01666486 and registered office in C\/ Melchor Fern\u00e1ndez Almagro, 105 (28029 Madrid), registered in the Mercantile Registry of Madrid under volume 40.661, sheet 201, page M-721.591.<\/li><\/ul>\n\n\n\n<ul class=\"wp-block-list\"><li>The company name is Buend\u00eda Estudios, S.L., with Spanish Tax Id. No. (NIF) B-01666478 and registered office in C\/ Melchor Fern\u00e1ndez Almagro, 105 (28029 Madrid), registered in the Mercantile Registry of Madrid under volume 40.705, sheet 1, page M-722.328.<\/li><\/ul>\n\n\n\n<p>You can contact us using the following e-mail address: <a href=\"mailto:info@buendiaestudios.com\">info@buendiaestudios.com<\/a>.&nbsp;<br>&nbsp;<br><strong>2.<\/strong>&nbsp;We hereby inform you that the purpose of the website www.buendiaestudios.es (hereafter, the &#8216;Web&#8217;) is to provide the general public with the knowledge of the activities performed by Buend\u00eda Producci\u00f3n, S.L. and Buend\u00eda Estudios, S.L., and of the services they deliver.<\/p>\n\n\n\n<p>Buend\u00eda Producci\u00f3n, S.L. and Buend\u00eda Estudios, S.L. are companies 50% held by Telef\u00f3nica Audiovisual Digital, S.L.U. and Atresmedia Corporaci\u00f3n de Medios de Comunicaci\u00f3n, S.A. The main purpose of Buend\u00eda Producci\u00f3n, S.L. is to provide its two partners, i.e., Telef\u00f3nica Audiovisual Digital, S.L.U. and Atresmedia Corporaci\u00f3n de Medios de Comunicaci\u00f3n, S.A., with audiovisual production services. Buend\u00eda Estudios, S.L. provides audiovisual production services to third parties other than its partners.<\/p>\n\n\n\n<p><strong>3.<\/strong>&nbsp;The access and use of this Web attributes the condition of user. Accessing or using this website implies the user\u2019s acceptance of the Terms of Use of the Web.<\/p>\n\n\n\n<p><br><strong>4.<\/strong>&nbsp;Industrial and intellectual property. The intellectual property rights of the Web, its source code, design, navigation structure, databases and different elements contained in it are owned by Buend\u00eda Producci\u00f3n, S.L. and Buend\u00eda Estudios, S.L. The said companies have exclusive exploitation rights in any form and, in particular, the rights of reproduction, distribution, public communication, making available and transformation.<\/p>\n\n\n\n<p>The intellectual property rights and, when applicable, the industrial property rights of the contents of audiovisual projects included in the Web are held by the third parties indicated in each case. The user shall not partially or totally reproduce these contents under no circumstance.<\/p>\n\n\n\n<p><strong>5. <\/strong>The unauthorized use of the information contained in this Web, as well as the infringement of the corresponding industrial and intellectual property rights, shall give rise to the legally established responsibilities.<\/p>\n\n\n\n<p><strong>6.<\/strong> All links by third parties to this Web must lead to the entry or home page.<\/p>\n\n\n\n<p><strong>7<\/strong>. Buend\u00eda Producci\u00f3n, S.L. and Buend\u00eda Estudios, S.L. reserves the right to modify and update the information contained on the Web, its configuration and its presentation at any time and without prior notice.<\/p>\n\n\n\n<p><strong>8.<\/strong>&nbsp;Both access to the Web and the use of the information contained therein are the exclusive responsibility of the users. Buend\u00eda Producci\u00f3n, S.L. and Buend\u00eda Estudios, S.L. shall not be held liable for any consequence, damage or loss arising from such access or use of information.<\/p>\n\n\n\n<p><strong>9.<\/strong> Buend\u00eda Producci\u00f3n, S.L. and Buend\u00eda Estudios, S.L. <a>do not guarantee the absence of error in the access to the Web<\/a> or in its contents, or that the same is up to date. However, Buend\u00eda Producci\u00f3n, S.L. and Buend\u00eda Estudios, S.L. will make every effort, if such situation occurs, to avoid, correct and update such errors.<\/p>\n\n\n\n<p><strong>10. <\/strong>Buend\u00eda Producci\u00f3n, S.L. and Buend\u00eda Estudios, S.L. assume no liability whatsoever arising from the connection or the contents of third party links contained on the Web.<\/p>\n\n\n\n<p><strong>11.<\/strong>&nbsp;Buend\u00eda Producci\u00f3n, S.L. and Buend\u00eda Estudios, S.L. shall not be held liable for any possible security errors that may be caused to the user&#8217;s computer system (hardware and software), files or documents stored therein, as a consequence of the presence of viruses in the user&#8217;s computer used to connect to the services and contents of the Web, a malfunction of the browser, or the use of obsolete versions of the same.<\/p>\n\n\n\n<p><strong>12. <\/strong>The personal data of the users of this Web will be handled in compliance with the principles of transparency, purpose limitation, data minimization, accuracy, integrity and confidentiality, and in compliance with all other obligations and guarantees established by Regulation (EU) 2016\/679 of the European Parliament and of the Council of 27 April 2016 on the protection of natural persons with regard to the processing of personal data and on the free movement of such data, and by Organic Law 2\/2018 of December 5 on the Protection of Personal Data and the Guarantee of Digital Rights. Please find the full Privacy Policy here:\u00a0<a href=\"https:\/\/buendiaestudios.com\/en\/privacy-policy\/\">https:\/\/buendiaestudios.com\/en\/privacy-policy\/<\/a>.<\/p>\n\n\n\n<p><strong><em>13.<\/em><\/strong><em>\u00a0Please find the Cookies Policy here: <\/em><a href=\"https:\/\/buendiaestudios.com\/en\/cookies\/\">https:\/\/buendiaestudios.com\/en\/cookies\/<\/a>.<\/p>\n\n\n\n<p><strong>14.<\/strong> Court jurisdiction. These General Conditions are governed by Spanish Law. For the resolution of conflicts, the parties undertake to appear before the corresponding Courts and Tribunals as established by law.<\/p>\n\n\n\n<p><strong>\u00a9 Buend\u00eda Producci\u00f3n, S.L., Buend\u00eda Estudios, S.L. Madrid, 2021.<\/strong>&nbsp;All rights reserved.<\/p>\n","protected":false},"excerpt":{"rendered":"<p>1.&nbsp;In compliance with Law 34\/2002, dated July 11, on information society and electronic commerce services, and in relation to each of the companies, we hereby inform you that: The company name is Buend\u00eda Producci\u00f3n, S.L., with Spanish Tax Id. No. (NIF) B-01666486 and registered office in C\/ Melchor Fern\u00e1ndez Almagro, 105 (28029 Madrid), registered in [&hellip;]<\/p>\n","protected":false},"author":1,"featured_media":0,"parent":0,"menu_order":0,"comment_status":"closed","ping_status":"closed","template":"page-generic.php","meta":{"_acf_changed":false,"footnotes":""},"class_list":["post-970","page","type-page","status-publish","hentry"],"acf":[],"yoast_head":"<!-- This site is optimized with the Yoast SEO plugin v25.8 - https:\/\/yoast.com\/wordpress\/plugins\/seo\/ -->\n<title>Legal advice - Buend\u00eda Estudios<\/title>\n<meta name=\"robots\" content=\"noindex, follow\" \/>\n<meta property=\"og:locale\" content=\"en_US\" \/>\n<meta property=\"og:type\" content=\"article\" \/>\n<meta property=\"og:title\" content=\"Legal advice - Buend\u00eda Estudios\" \/>\n<meta property=\"og:description\" content=\"1.&nbsp;In compliance with Law 34\/2002, dated July 11, on information society and electronic commerce services, and in relation to each of the companies, we hereby inform you that: The company name is Buend\u00eda Producci\u00f3n, S.L., with Spanish Tax Id. No. (NIF) B-01666486 and registered office in C\/ Melchor Fern\u00e1ndez Almagro, 105 (28029 Madrid), registered in [&hellip;]\" \/>\n<meta property=\"og:url\" content=\"https:\/\/buendiaestudios.asdeguiaingenieria.com\/aviso-legal\/\" \/>\n<meta property=\"og:site_name\" content=\"Buend\u00eda Estudios\" \/>\n<meta property=\"article:publisher\" content=\"https:\/\/www.facebook.com\/buendiaestudios\" \/>\n<meta property=\"article:modified_time\" content=\"2021-04-08T16:17:19+00:00\" \/>\n<meta property=\"og:image\" content=\"https:\/\/buendiaestudios.asdeguiaingenieria.com\/media\/2021\/02\/logo-buendia-estudios.jpg\" \/>\n\t<meta property=\"og:image:width\" content=\"988\" \/>\n\t<meta property=\"og:image:height\" content=\"325\" \/>\n\t<meta property=\"og:image:type\" content=\"image\/jpeg\" \/>\n<meta name=\"twitter:card\" content=\"summary_large_image\" \/>\n<meta name=\"twitter:site\" content=\"@BuendiaEstudios\" \/>\n<meta name=\"twitter:label1\" content=\"Est. reading time\" \/>\n\t<meta name=\"twitter:data1\" content=\"4 minutes\" \/>\n<script type=\"application\/ld+json\" class=\"yoast-schema-graph\">{\"@context\":\"https:\/\/schema.org\",\"@graph\":[{\"@type\":\"WebPage\",\"@id\":\"https:\/\/buendiaestudios.asdeguiaingenieria.com\/aviso-legal\/\",\"url\":\"https:\/\/buendiaestudios.asdeguiaingenieria.com\/aviso-legal\/\",\"name\":\"Legal advice - Buend\u00eda Estudios\",\"isPartOf\":{\"@id\":\"https:\/\/buendiaestudios.asdeguiaingenieria.com\/#website\"},\"datePublished\":\"2021-03-24T17:39:40+00:00\",\"dateModified\":\"2021-04-08T16:17:19+00:00\",\"breadcrumb\":{\"@id\":\"https:\/\/buendiaestudios.asdeguiaingenieria.com\/aviso-legal\/#breadcrumb\"},\"inLanguage\":\"en-US\",\"potentialAction\":[{\"@type\":\"ReadAction\",\"target\":[\"https:\/\/buendiaestudios.asdeguiaingenieria.com\/aviso-legal\/\"]}]},{\"@type\":\"BreadcrumbList\",\"@id\":\"https:\/\/buendiaestudios.asdeguiaingenieria.com\/aviso-legal\/#breadcrumb\",\"itemListElement\":[{\"@type\":\"ListItem\",\"position\":1,\"name\":\"Portada\",\"item\":\"https:\/\/buendiaestudios.asdeguiaingenieria.com\/en\/\"},{\"@type\":\"ListItem\",\"position\":2,\"name\":\"Legal advice\"}]},{\"@type\":\"WebSite\",\"@id\":\"https:\/\/buendiaestudios.asdeguiaingenieria.com\/#website\",\"url\":\"https:\/\/buendiaestudios.asdeguiaingenieria.com\/\",\"name\":\"Buend\u00eda Estudios\",\"description\":\"BUEND\u00cdA ESTUDIOS is an independent production company of audiovisual content created by ATRESMEDIA and TELEFONICA (through Movistar+), in a strategic alliance.\",\"publisher\":{\"@id\":\"https:\/\/buendiaestudios.asdeguiaingenieria.com\/#organization\"},\"potentialAction\":[{\"@type\":\"SearchAction\",\"target\":{\"@type\":\"EntryPoint\",\"urlTemplate\":\"https:\/\/buendiaestudios.asdeguiaingenieria.com\/?s={search_term_string}\"},\"query-input\":{\"@type\":\"PropertyValueSpecification\",\"valueRequired\":true,\"valueName\":\"search_term_string\"}}],\"inLanguage\":\"en-US\"},{\"@type\":\"Organization\",\"@id\":\"https:\/\/buendiaestudios.asdeguiaingenieria.com\/#organization\",\"name\":\"Buend\u00eda Estudios\",\"url\":\"https:\/\/buendiaestudios.asdeguiaingenieria.com\/\",\"logo\":{\"@type\":\"ImageObject\",\"inLanguage\":\"en-US\",\"@id\":\"https:\/\/buendiaestudios.asdeguiaingenieria.com\/#\/schema\/logo\/image\/\",\"url\":\"https:\/\/buendiaestudios.com\/wp-content\/uploads\/2021\/02\/logo-buendia-estudios.jpg\",\"contentUrl\":\"https:\/\/buendiaestudios.com\/wp-content\/uploads\/2021\/02\/logo-buendia-estudios.jpg\",\"width\":988,\"height\":325,\"caption\":\"Buend\u00eda Estudios\"},\"image\":{\"@id\":\"https:\/\/buendiaestudios.asdeguiaingenieria.com\/#\/schema\/logo\/image\/\"},\"sameAs\":[\"https:\/\/www.facebook.com\/buendiaestudios\",\"https:\/\/x.com\/BuendiaEstudios\",\"https:\/\/www.instagram.com\/buendiaestudios\/\",\"https:\/\/www.linkedin.com\/company\/buend\u00eda-estudios\/\"]}]}<\/script>\n<!-- \/ Yoast SEO plugin. -->","yoast_head_json":{"title":"Legal advice - Buend\u00eda Estudios","robots":{"index":"noindex","follow":"follow"},"og_locale":"en_US","og_type":"article","og_title":"Legal advice - Buend\u00eda Estudios","og_description":"1.&nbsp;In compliance with Law 34\/2002, dated July 11, on information society and electronic commerce services, and in relation to each of the companies, we hereby inform you that: The company name is Buend\u00eda Producci\u00f3n, S.L., with Spanish Tax Id. No. (NIF) B-01666486 and registered office in C\/ Melchor Fern\u00e1ndez Almagro, 105 (28029 Madrid), registered in [&hellip;]","og_url":"https:\/\/buendiaestudios.asdeguiaingenieria.com\/aviso-legal\/","og_site_name":"Buend\u00eda Estudios","article_publisher":"https:\/\/www.facebook.com\/buendiaestudios","article_modified_time":"2021-04-08T16:17:19+00:00","og_image":[{"width":988,"height":325,"url":"https:\/\/buendiaestudios.asdeguiaingenieria.com\/media\/2021\/02\/logo-buendia-estudios.jpg","type":"image\/jpeg"}],"twitter_card":"summary_large_image","twitter_site":"@BuendiaEstudios","twitter_misc":{"Est. reading time":"4 minutes"},"schema":{"@context":"https:\/\/schema.org","@graph":[{"@type":"WebPage","@id":"https:\/\/buendiaestudios.asdeguiaingenieria.com\/aviso-legal\/","url":"https:\/\/buendiaestudios.asdeguiaingenieria.com\/aviso-legal\/","name":"Legal advice - Buend\u00eda Estudios","isPartOf":{"@id":"https:\/\/buendiaestudios.asdeguiaingenieria.com\/#website"},"datePublished":"2021-03-24T17:39:40+00:00","dateModified":"2021-04-08T16:17:19+00:00","breadcrumb":{"@id":"https:\/\/buendiaestudios.asdeguiaingenieria.com\/aviso-legal\/#breadcrumb"},"inLanguage":"en-US","potentialAction":[{"@type":"ReadAction","target":["https:\/\/buendiaestudios.asdeguiaingenieria.com\/aviso-legal\/"]}]},{"@type":"BreadcrumbList","@id":"https:\/\/buendiaestudios.asdeguiaingenieria.com\/aviso-legal\/#breadcrumb","itemListElement":[{"@type":"ListItem","position":1,"name":"Portada","item":"https:\/\/buendiaestudios.asdeguiaingenieria.com\/en\/"},{"@type":"ListItem","position":2,"name":"Legal advice"}]},{"@type":"WebSite","@id":"https:\/\/buendiaestudios.asdeguiaingenieria.com\/#website","url":"https:\/\/buendiaestudios.asdeguiaingenieria.com\/","name":"Buend\u00eda Estudios","description":"BUEND\u00cdA ESTUDIOS is an independent production company of audiovisual content created by ATRESMEDIA and TELEFONICA (through Movistar+), in a strategic alliance.","publisher":{"@id":"https:\/\/buendiaestudios.asdeguiaingenieria.com\/#organization"},"potentialAction":[{"@type":"SearchAction","target":{"@type":"EntryPoint","urlTemplate":"https:\/\/buendiaestudios.asdeguiaingenieria.com\/?s={search_term_string}"},"query-input":{"@type":"PropertyValueSpecification","valueRequired":true,"valueName":"search_term_string"}}],"inLanguage":"en-US"},{"@type":"Organization","@id":"https:\/\/buendiaestudios.asdeguiaingenieria.com\/#organization","name":"Buend\u00eda Estudios","url":"https:\/\/buendiaestudios.asdeguiaingenieria.com\/","logo":{"@type":"ImageObject","inLanguage":"en-US","@id":"https:\/\/buendiaestudios.asdeguiaingenieria.com\/#\/schema\/logo\/image\/","url":"https:\/\/buendiaestudios.com\/wp-content\/uploads\/2021\/02\/logo-buendia-estudios.jpg","contentUrl":"https:\/\/buendiaestudios.com\/wp-content\/uploads\/2021\/02\/logo-buendia-estudios.jpg","width":988,"height":325,"caption":"Buend\u00eda Estudios"},"image":{"@id":"https:\/\/buendiaestudios.asdeguiaingenieria.com\/#\/schema\/logo\/image\/"},"sameAs":["https:\/\/www.facebook.com\/buendiaestudios","https:\/\/x.com\/BuendiaEstudios","https:\/\/www.instagram.com\/buendiaestudios\/","https:\/\/www.linkedin.com\/company\/buend\u00eda-estudios\/"]}]}},"_links":{"self":[{"href":"https:\/\/buendiaestudios.asdeguiaingenieria.com\/en\/wp-json\/wp\/v2\/pages\/970","targetHints":{"allow":["GET"]}}],"collection":[{"href":"https:\/\/buendiaestudios.asdeguiaingenieria.com\/en\/wp-json\/wp\/v2\/pages"}],"about":[{"href":"https:\/\/buendiaestudios.asdeguiaingenieria.com\/en\/wp-json\/wp\/v2\/types\/page"}],"author":[{"embeddable":true,"href":"https:\/\/buendiaestudios.asdeguiaingenieria.com\/en\/wp-json\/wp\/v2\/users\/1"}],"replies":[{"embeddable":true,"href":"https:\/\/buendiaestudios.asdeguiaingenieria.com\/en\/wp-json\/wp\/v2\/comments?post=970"}],"version-history":[{"count":4,"href":"https:\/\/buendiaestudios.asdeguiaingenieria.com\/en\/wp-json\/wp\/v2\/pages\/970\/revisions"}],"predecessor-version":[{"id":1240,"href":"https:\/\/buendiaestudios.asdeguiaingenieria.com\/en\/wp-json\/wp\/v2\/pages\/970\/revisions\/1240"}],"wp:attachment":[{"href":"https:\/\/buendiaestudios.asdeguiaingenieria.com\/en\/wp-json\/wp\/v2\/media?parent=970"}],"curies":[{"name":"wp","href":"https:\/\/api.w.org\/{rel}","templated":true}]}}