{"id":966,"date":"2021-03-24T17:38:44","date_gmt":"2021-03-24T17:38:44","guid":{"rendered":"https:\/\/dev.losdelvolcan.com\/buendia\/?page_id=966"},"modified":"2025-08-11T20:06:06","modified_gmt":"2025-08-11T20:06:06","slug":"content-marketing","status":"publish","type":"page","link":"https:\/\/buendiaestudios.asdeguiaingenieria.com\/en\/content-marketing\/","title":{"rendered":"Content Marketing"},"content":{"rendered":"\n<section class=\"module--generic mkt\">\n  <div class=\"inner\">\n    <h1 class=\"title\">Content Marketing<\/h1>\n    <p>We are content creators but we are also dynamizers of these contents for them to have more reach. We already have many advertising brands that have trusted us to produce their own content or to link to ours to acquire great notoriety and engagement.<\/p>\n\n    <div class=\"wrapper-list_box\">\n                  <div class=\"box box_layer\">\n              <div class=\"box-overlay\">\n                <p><span style=\"font-weight: 400\">We design and develop branded content strategies and produce that content for its distribution and promotion on any platform and on any channel. Fiction content or pure entertainment, defined content to meet the needs of our customers.<\/span><\/p>\n<ul>\n<li><a href=\"https:\/\/buendiaestudios.com\/producciones\/series\/la-caja-de-arena\/\">LA CAJA DE ARENA for Fundaci\u00f3n Colacao and FDJ<\/a><a href=\"https:\/\/www.youtube.com\/watch?v=uZ8wCLsrvC0\" data-fancybox=\"\"><i class=\"icon icon-play\"><\/i><\/a><\/li>\n<li><a href=\"https:\/\/buendiaestudios.com\/producciones\/no-ficcion\/somos-unicxs-las-caras-del-bullying\/\">SOMOS UNICXS: LAS CARAS DEL BULLYING for Fundaci\u00f3n Colacao and CSD<\/a><a href=\"https:\/\/www.youtube.com\/watch?v=d0axsd8xOuc\" data-fancybox=\"\"><i class=\"icon icon-play\"><\/i><\/a><\/li>\n<li><a href=\"https:\/\/www.youtube.com\/watch?v=Uf2sboKU458\" data-fancybox=\"\">PACA LA PIRA\u00d1A for LA PROHIBIDA by MAHOU<\/a><a href=\"https:\/\/www.youtube.com\/watch?v=Uf2sboKU458\" data-fancybox=\"\"><i class=\"icon icon-play\"><\/i><\/a><\/li>\n<li><a href=\"https:\/\/www.youtube.com\/watch?v=-ZbjvOw48nE\" data-fancybox=\"\">TOP PHOTO for XIAOMI<\/a><a href=\"https:\/\/www.youtube.com\/watch?v=-ZbjvOw48nE\" data-fancybox=\"\"><i class=\"icon icon-play\"><\/i><\/a><\/li>\n<li><a href=\"https:\/\/www.youtube.com\/watch?v=mJpqq17oUpM\" data-fancybox=\"\">GEONESTESIA for SUBARU<\/a><a href=\"https:\/\/www.youtube.com\/watch?v=mJpqq17oUpM\" data-fancybox=\"\"><i class=\"icon icon-play\"><\/i><\/a><\/li>\n<\/ul>\n                <span class=\"title-overlay\">Branded content<\/span>\n              <\/div>\n              <div class=\"image\">\n                <a><img decoding=\"async\" src=\"https:\/\/buendiaestudios.asdeguiaingenieria.com\/media\/2025\/08\/LA_CAJA_DE_ARENA-scaled.jpeg\" alt=\"Branded content\"><\/a>\n              <\/div>\n              <h2 class=\"title\">Branded content<\/h2>\n            <\/div>\n                    <div class=\"box box_layer\">\n              <div class=\"box-overlay\">\n                <p><span style=\"font-weight: 400\">We know that our series are a success and are followed by huge fan communities. This is leveraged by our advertiser customers to link them with content proposals within the universes we create and within the communication plans we design for their release. We do this with our series but also with our nonfiction content<\/span><\/p>\n<ul>\n<li><a href=\"https:\/\/youtu.be\/DIWNOiBTz-o\" data-fancybox=\"\">Krash Kosmetics on &#8216;Drag Race Espa\u00f1a&#8217; 1, 2 and 3<\/a><a href=\"https:\/\/www.youtube.com\/watch?v=DIWNOiBTz-o\" data-fancybox=\"\"><i class=\"icon icon-play\"><\/i><\/a><\/li>\n<li><a href=\"https:\/\/youtu.be\/gTIuLqBTDII\" data-fancybox=\"\">Estrella Galicia for &#8216;Poquita Fe&#8217;<\/a><a href=\"https:\/\/youtu.be\/gTIuLqBTDII\" data-fancybox=\"\"><i class=\"icon icon-play\"><\/i><\/a><\/li>\n<li><a href=\"https:\/\/www.youtube.com\/watch?v=fkaENTbRSWw\" data-fancybox=\"\">Mahou Meetup<\/a><a href=\"https:\/\/www.youtube.com\/watch?v=fkaENTbRSWw\" data-fancybox=\"\"><i class=\"icon icon-play\"><\/i><\/a><\/li>\n<li><a href=\"https:\/\/www.youtube.com\/watch?v=7nEoTaeR9Ec\" data-fancybox=\"\">Making &#8216;F\u00edsica o Qu\u00edmica&#8217;<\/a><a href=\"https:\/\/www.youtube.com\/watch?v=7nEoTaeR9Ec\" data-fancybox=\"\"><i class=\"icon icon-play\"><\/i><\/a><\/li>\n<li><a href=\"https:\/\/youtu.be\/VIECvoaR1_8\" data-fancybox=\"\">&#8216;F\u00edsica o Qu\u00edmica&#8217; interviews<\/a><a href=\"https:\/\/youtu.be\/VIECvoaR1_8\" data-fancybox=\"\"><i class=\"icon icon-play\"><\/i><\/a><\/li>\n<li><a href=\"https:\/\/youtu.be\/szOgg2IJbVs\" data-fancybox=\"\">Meetup with fans<\/a><a href=\"https:\/\/youtu.be\/szOgg2IJbVs\" data-fancybox=\"\"><i class=\"icon icon-play\"><\/i><\/a><\/li>\n<li><a href=\"https:\/\/youtu.be\/boYwMo0yI7M\" data-fancybox=\"\">CAF\u00c9 CANDELAS in &#8216;RAPA&#8217;<\/a><a href=\"https:\/\/youtu.be\/boYwMo0yI7M\" data-fancybox=\"\"><i class=\"icon icon-play\"><\/i><\/a><\/li>\n<\/ul>\n<\/ul>\n                <span class=\"title-overlay\">Branded content linked to our series<\/span>\n              <\/div>\n              <div class=\"image\">\n                <a><img decoding=\"async\" src=\"https:\/\/buendiaestudios.asdeguiaingenieria.com\/media\/2025\/08\/DRAG_RACE-scaled.jpg\" alt=\"Branded content linked to our series\"><\/a>\n              <\/div>\n              <h2 class=\"title\">Branded content linked to our series<\/h2>\n            <\/div>\n                    <div class=\"box box_layer\">\n              <div class=\"box-overlay\">\n                <p><span style=\"font-weight: 400\">We develop transmedia narrative strategies with all our content or with content from our customers to have greater reach and thus reach a larger audience, currently widely disseminated, adopting these extensions to the different formats that offer the great diversity of distribution channels, putting special focus on the digital universe.<\/span><\/p>\n<ul>\n<li><a href=\"https:\/\/www.instagram.com\/stories\/highlights\/17898097196427259\/?hl=es\">Gamification &#8216;Los Protegidos: El regreso&#8217;<\/a><a href=\"https:\/\/www.instagram.com\/stories\/highlights\/17898097196427259\/?hl=es\"><i class=\"icon icon-play\"><\/i><\/a><\/li>\n<li><a href=\"https:\/\/premium.atresplayer.com\/los-protegidos\/adn\/podcast\/\">Podcast &#8216;Los Protegidos: A.D.N.&#8217;<\/a><a href=\"https:\/\/premium.atresplayer.com\/los-protegidos\/adn\/podcast\/\"><i class=\"icon icon-play\"><\/i><\/a><\/li>\n<li><a href=\"https:\/\/youtu.be\/u8a2_ppuqU4\" data-fancybox=\"\">&#8216;La cocinera de Castamar&#8217;<\/a><a href=\"https:\/\/youtu.be\/u8a2_ppuqU4\" data-fancybox=\"\"><i class=\"icon icon-play\"><\/i><\/a><\/li>\n<li><a href=\"https:\/\/youtu.be\/KOsUzLC7YO0\" data-fancybox=\"\">&#8216;Mentiras&#8217;<\/a><a href=\"https:\/\/youtu.be\/KOsUzLC7YO0\" data-fancybox=\"\"><i class=\"icon icon-play\"><\/i><\/a><\/li>\n<li><a href=\"https:\/\/premium.atresplayer.com\/las-noches-de-tefia\/documental\/documental-tefia-saben-jovenes-hoy-horror-que-sucedio-alli_2023070564a2b3ee3edc3a0001028560.html\">&#8216;Las noches de Tef\u00eda&#8217;<\/a><a href=\"https:\/\/premium.atresplayer.com\/las-noches-de-tefia\/documental\/documental-tefia-saben-jovenes-hoy-horror-que-sucedio-alli_2023070564a2b3ee3edc3a0001028560.html\"><i class=\"icon icon-play\"><\/i><\/a><\/li>\n<\/ul>\n                <span class=\"title-overlay\">Transmedia<\/span>\n              <\/div>\n              <div class=\"image\">\n                <a><img decoding=\"async\" src=\"https:\/\/buendiaestudios.asdeguiaingenieria.com\/media\/2022\/11\/Los-Protegidos-ADN-\u00a9PipoFernandez-5-scaled.jpg\" alt=\"Transmedia\"><\/a>\n              <\/div>\n              <h2 class=\"title\">Transmedia<\/h2>\n            <\/div>\n                    <div class=\"box box_layer\">\n              <div class=\"box-overlay\">\n                <p><span style=\"font-weight: 400\">We integrate brands into our fiction content in a totally organic and natural way in an active or passive way, giving brands that notoriety they are looking for for our audiences that are theirs as well. <\/span><\/p>\n<ul>\n<li><a href=\"https:\/\/youtu.be\/0pRrBNgM6N0\" data-fancybox=\"\">CODORNI\u00da in F\u00cdSICA o QU\u00cdMICA: EL REENCUENTRO<\/a><a href=\"https:\/\/youtu.be\/0pRrBNgM6N0\" data-fancybox=\"\"><i class=\"icon icon-play\"><\/i><\/a><\/li>\n<li><a href=\"https:\/\/youtu.be\/juXaY_nyKwI\" data-fancybox=\"\">MAHOU in F\u00cdSICA o QU\u00cdMICA: EL REENCUENTRO<\/a><a href=\"https:\/\/youtu.be\/juXaY_nyKwI\" data-fancybox=\"\"><i class=\"icon icon-play\"><\/i><\/a><\/li>\n<li><a href=\"https:\/\/youtu.be\/oxymkDDPgCc\" data-fancybox=\"\">LIDL in SIN COBERTURA<\/a><a href=\"https:\/\/youtu.be\/oxymkDDPgCc\" data-fancybox=\"\"><i class=\"icon icon-play\"><\/i><\/a><\/li>\n<li><a href=\"https:\/\/youtu.be\/kDY0N8sFbXI\" data-fancybox=\"\">ESTRELLA GALICIA in POQUITA FE T1 y T2<\/a><a href=\"https:\/\/youtu.be\/kDY0N8sFbXI\" data-fancybox=\"\"><i class=\"icon icon-play\"><\/i><\/a><\/li>\n<li><a href=\"https:\/\/youtu.be\/3DnKG9oi85s\" data-fancybox=\"\">DORITOS in F\u00cdSICA o QU\u00cdMICA: LA NUEVA GENERACI\u00d3N<\/a><a href=\"https:\/\/youtu.be\/3DnKG9oi85s\" data-fancybox=\"\"><i class=\"icon icon-play\"><\/i><\/a><\/li>\n<li><a href=\"https:\/\/youtu.be\/81wdXa61p8Q\" data-fancybox=\"\">McDONALDS in F\u00cdSICA o QU\u00cdMICA: LA NUEVA GENERACI\u00d3N<\/a><a href=\"https:\/\/youtu.be\/81wdXa61p8Q\" data-fancybox=\"\"><i class=\"icon icon-play\"><\/i><\/a><\/li>\n<\/ul>\n                <span class=\"title-overlay\">Placement<\/span>\n              <\/div>\n              <div class=\"image\">\n                <a><img decoding=\"async\" src=\"https:\/\/buendiaestudios.asdeguiaingenieria.com\/media\/2025\/08\/F_SICA_O_QU_MICA-scaled.jpg\" alt=\"Placement\"><\/a>\n              <\/div>\n              <h2 class=\"title\">Placement<\/h2>\n            <\/div>\n            <\/div>\n  <\/div>\n<\/section>\n\n\n\n\n<section class=\"module--videos\">\n  <div class=\"inner\">\n    <span class=\"title\">Videos<\/span>\n    <div class=\"carousel-videos js--carousel-videos\">\n                        <div class=\"video\">\n            <a data-fancybox data-width=\"1280\" data-height=\"720\" href=\"https:\/\/www.youtube.com\/watch?v=uZ8wCLsrvC0\">\n              <img decoding=\"async\" src=\"https:\/\/buendiaestudios.asdeguiaingenieria.com\/media\/2025\/08\/LA_CAJA_DE_ARENA-scaled.jpeg\" alt=\"Content Marketing\">\n              <span class=\"icon\"><img decoding=\"async\" src=\"https:\/\/buendiaestudios.asdeguiaingenieria.com\/buendia-content\/themes\/buendia\/images\/icon-play.png\" alt=\"Play!\"><\/span>\n            <\/a>\n          <\/div>\n                  <div class=\"video\">\n            <a data-fancybox data-width=\"1280\" data-height=\"720\" href=\"https:\/\/www.youtube.com\/watch?v=mJpqq17oUpM\">\n              <img decoding=\"async\" src=\"https:\/\/buendiaestudios.asdeguiaingenieria.com\/media\/2021\/03\/geonestesia.jpg\" alt=\"Content Marketing\">\n              <span class=\"icon\"><img decoding=\"async\" src=\"https:\/\/buendiaestudios.asdeguiaingenieria.com\/buendia-content\/themes\/buendia\/images\/icon-play.png\" alt=\"Play!\"><\/span>\n            <\/a>\n          <\/div>\n                  <div class=\"video\">\n            <a data-fancybox data-width=\"1280\" data-height=\"720\" href=\"https:\/\/www.youtube.com\/watch?v=d0axsd8xOuc\">\n              <img decoding=\"async\" src=\"https:\/\/buendiaestudios.asdeguiaingenieria.com\/media\/2022\/01\/Somos-unicxs-scaled.jpg\" alt=\"Content Marketing\">\n              <span class=\"icon\"><img decoding=\"async\" src=\"https:\/\/buendiaestudios.asdeguiaingenieria.com\/buendia-content\/themes\/buendia\/images\/icon-play.png\" alt=\"Play!\"><\/span>\n            <\/a>\n          <\/div>\n                  <div class=\"video\">\n            <a data-fancybox data-width=\"1280\" data-height=\"720\" href=\"https:\/\/www.youtube.com\/watch?v=fkaENTbRSWw\">\n              <img decoding=\"async\" src=\"https:\/\/buendiaestudios.asdeguiaingenieria.com\/media\/2021\/03\/foq-mahou.jpg\" alt=\"Content Marketing\">\n              <span class=\"icon\"><img decoding=\"async\" src=\"https:\/\/buendiaestudios.asdeguiaingenieria.com\/buendia-content\/themes\/buendia\/images\/icon-play.png\" alt=\"Play!\"><\/span>\n            <\/a>\n          <\/div>\n                  <div class=\"video\">\n            <a data-fancybox data-width=\"1280\" data-height=\"720\" href=\"https:\/\/youtu.be\/DIWNOiBTz-o\">\n              <img decoding=\"async\" src=\"https:\/\/buendiaestudios.asdeguiaingenieria.com\/media\/2023\/10\/DRE2_E04_164_1.jpg\" alt=\"Content Marketing\">\n              <span class=\"icon\"><img decoding=\"async\" src=\"https:\/\/buendiaestudios.asdeguiaingenieria.com\/buendia-content\/themes\/buendia\/images\/icon-play.png\" alt=\"Play!\"><\/span>\n            <\/a>\n          <\/div>\n                  <div class=\"video\">\n            <a data-fancybox data-width=\"1280\" data-height=\"720\" href=\"https:\/\/youtu.be\/Uf2sboKU458\">\n              <img decoding=\"async\" src=\"https:\/\/buendiaestudios.asdeguiaingenieria.com\/media\/2021\/03\/paca-consultorio.jpg\" alt=\"Content Marketing\">\n              <span class=\"icon\"><img decoding=\"async\" src=\"https:\/\/buendiaestudios.asdeguiaingenieria.com\/buendia-content\/themes\/buendia\/images\/icon-play.png\" alt=\"Play!\"><\/span>\n            <\/a>\n          <\/div>\n                  <\/div>\n  <\/div>\n<\/section>\n","protected":false},"excerpt":{"rendered":"","protected":false},"author":1,"featured_media":0,"parent":0,"menu_order":0,"comment_status":"closed","ping_status":"closed","template":"page-mkt.php","meta":{"_acf_changed":false,"footnotes":""},"class_list":["post-966","page","type-page","status-publish","hentry"],"acf":[],"yoast_head":"<!-- This site is optimized with the Yoast SEO plugin v25.8 - https:\/\/yoast.com\/wordpress\/plugins\/seo\/ -->\n<title>Content Marketing - Buend\u00eda Estudios<\/title>\n<meta name=\"robots\" content=\"noindex, follow, max-snippet:-1, max-image-preview:large, max-video-preview:-1\" \/>\n<meta property=\"og:locale\" content=\"en_US\" \/>\n<meta property=\"og:type\" content=\"article\" \/>\n<meta property=\"og:title\" content=\"Content Marketing - Buend\u00eda Estudios\" \/>\n<meta property=\"og:url\" content=\"https:\/\/buendiaestudios.asdeguiaingenieria.com\/en\/content-marketing\/\" \/>\n<meta property=\"og:site_name\" content=\"Buend\u00eda Estudios\" \/>\n<meta property=\"article:publisher\" content=\"https:\/\/www.facebook.com\/buendiaestudios\" \/>\n<meta property=\"article:modified_time\" content=\"2025-08-11T20:06:06+00:00\" \/>\n<meta property=\"og:image\" content=\"https:\/\/buendiaestudios.asdeguiaingenieria.com\/media\/2021\/02\/logo-buendia-estudios.jpg\" \/>\n\t<meta property=\"og:image:width\" content=\"988\" \/>\n\t<meta property=\"og:image:height\" content=\"325\" \/>\n\t<meta property=\"og:image:type\" content=\"image\/jpeg\" \/>\n<meta name=\"twitter:card\" content=\"summary_large_image\" \/>\n<meta name=\"twitter:site\" content=\"@BuendiaEstudios\" \/>\n<script type=\"application\/ld+json\" class=\"yoast-schema-graph\">{\"@context\":\"https:\/\/schema.org\",\"@graph\":[{\"@type\":\"WebPage\",\"@id\":\"https:\/\/buendiaestudios.asdeguiaingenieria.com\/en\/content-marketing\/\",\"url\":\"https:\/\/buendiaestudios.asdeguiaingenieria.com\/en\/content-marketing\/\",\"name\":\"Content Marketing - Buend\u00eda Estudios\",\"isPartOf\":{\"@id\":\"https:\/\/buendiaestudios.asdeguiaingenieria.com\/#website\"},\"datePublished\":\"2021-03-24T17:38:44+00:00\",\"dateModified\":\"2025-08-11T20:06:06+00:00\",\"breadcrumb\":{\"@id\":\"https:\/\/buendiaestudios.asdeguiaingenieria.com\/en\/content-marketing\/#breadcrumb\"},\"inLanguage\":\"en-US\",\"potentialAction\":[{\"@type\":\"ReadAction\",\"target\":[\"https:\/\/buendiaestudios.asdeguiaingenieria.com\/en\/content-marketing\/\"]}]},{\"@type\":\"BreadcrumbList\",\"@id\":\"https:\/\/buendiaestudios.asdeguiaingenieria.com\/en\/content-marketing\/#breadcrumb\",\"itemListElement\":[{\"@type\":\"ListItem\",\"position\":1,\"name\":\"Portada\",\"item\":\"https:\/\/buendiaestudios.asdeguiaingenieria.com\/en\/\"},{\"@type\":\"ListItem\",\"position\":2,\"name\":\"Content Marketing\"}]},{\"@type\":\"WebSite\",\"@id\":\"https:\/\/buendiaestudios.asdeguiaingenieria.com\/#website\",\"url\":\"https:\/\/buendiaestudios.asdeguiaingenieria.com\/\",\"name\":\"Buend\u00eda Estudios\",\"description\":\"BUEND\u00cdA ESTUDIOS is an independent production company of audiovisual content created by ATRESMEDIA and TELEFONICA (through Movistar+), in a strategic alliance.\",\"publisher\":{\"@id\":\"https:\/\/buendiaestudios.asdeguiaingenieria.com\/#organization\"},\"potentialAction\":[{\"@type\":\"SearchAction\",\"target\":{\"@type\":\"EntryPoint\",\"urlTemplate\":\"https:\/\/buendiaestudios.asdeguiaingenieria.com\/?s={search_term_string}\"},\"query-input\":{\"@type\":\"PropertyValueSpecification\",\"valueRequired\":true,\"valueName\":\"search_term_string\"}}],\"inLanguage\":\"en-US\"},{\"@type\":\"Organization\",\"@id\":\"https:\/\/buendiaestudios.asdeguiaingenieria.com\/#organization\",\"name\":\"Buend\u00eda Estudios\",\"url\":\"https:\/\/buendiaestudios.asdeguiaingenieria.com\/\",\"logo\":{\"@type\":\"ImageObject\",\"inLanguage\":\"en-US\",\"@id\":\"https:\/\/buendiaestudios.asdeguiaingenieria.com\/#\/schema\/logo\/image\/\",\"url\":\"https:\/\/buendiaestudios.com\/wp-content\/uploads\/2021\/02\/logo-buendia-estudios.jpg\",\"contentUrl\":\"https:\/\/buendiaestudios.com\/wp-content\/uploads\/2021\/02\/logo-buendia-estudios.jpg\",\"width\":988,\"height\":325,\"caption\":\"Buend\u00eda Estudios\"},\"image\":{\"@id\":\"https:\/\/buendiaestudios.asdeguiaingenieria.com\/#\/schema\/logo\/image\/\"},\"sameAs\":[\"https:\/\/www.facebook.com\/buendiaestudios\",\"https:\/\/x.com\/BuendiaEstudios\",\"https:\/\/www.instagram.com\/buendiaestudios\/\",\"https:\/\/www.linkedin.com\/company\/buend\u00eda-estudios\/\"]}]}<\/script>\n<!-- \/ Yoast SEO plugin. -->","yoast_head_json":{"title":"Content Marketing - Buend\u00eda Estudios","robots":{"index":"noindex","follow":"follow","max-snippet":"max-snippet:-1","max-image-preview":"max-image-preview:large","max-video-preview":"max-video-preview:-1"},"og_locale":"en_US","og_type":"article","og_title":"Content Marketing - Buend\u00eda Estudios","og_url":"https:\/\/buendiaestudios.asdeguiaingenieria.com\/en\/content-marketing\/","og_site_name":"Buend\u00eda Estudios","article_publisher":"https:\/\/www.facebook.com\/buendiaestudios","article_modified_time":"2025-08-11T20:06:06+00:00","og_image":[{"width":988,"height":325,"url":"https:\/\/buendiaestudios.asdeguiaingenieria.com\/media\/2021\/02\/logo-buendia-estudios.jpg","type":"image\/jpeg"}],"twitter_card":"summary_large_image","twitter_site":"@BuendiaEstudios","schema":{"@context":"https:\/\/schema.org","@graph":[{"@type":"WebPage","@id":"https:\/\/buendiaestudios.asdeguiaingenieria.com\/en\/content-marketing\/","url":"https:\/\/buendiaestudios.asdeguiaingenieria.com\/en\/content-marketing\/","name":"Content Marketing - Buend\u00eda Estudios","isPartOf":{"@id":"https:\/\/buendiaestudios.asdeguiaingenieria.com\/#website"},"datePublished":"2021-03-24T17:38:44+00:00","dateModified":"2025-08-11T20:06:06+00:00","breadcrumb":{"@id":"https:\/\/buendiaestudios.asdeguiaingenieria.com\/en\/content-marketing\/#breadcrumb"},"inLanguage":"en-US","potentialAction":[{"@type":"ReadAction","target":["https:\/\/buendiaestudios.asdeguiaingenieria.com\/en\/content-marketing\/"]}]},{"@type":"BreadcrumbList","@id":"https:\/\/buendiaestudios.asdeguiaingenieria.com\/en\/content-marketing\/#breadcrumb","itemListElement":[{"@type":"ListItem","position":1,"name":"Portada","item":"https:\/\/buendiaestudios.asdeguiaingenieria.com\/en\/"},{"@type":"ListItem","position":2,"name":"Content Marketing"}]},{"@type":"WebSite","@id":"https:\/\/buendiaestudios.asdeguiaingenieria.com\/#website","url":"https:\/\/buendiaestudios.asdeguiaingenieria.com\/","name":"Buend\u00eda Estudios","description":"BUEND\u00cdA ESTUDIOS is an independent production company of audiovisual content created by ATRESMEDIA and TELEFONICA (through Movistar+), in a strategic alliance.","publisher":{"@id":"https:\/\/buendiaestudios.asdeguiaingenieria.com\/#organization"},"potentialAction":[{"@type":"SearchAction","target":{"@type":"EntryPoint","urlTemplate":"https:\/\/buendiaestudios.asdeguiaingenieria.com\/?s={search_term_string}"},"query-input":{"@type":"PropertyValueSpecification","valueRequired":true,"valueName":"search_term_string"}}],"inLanguage":"en-US"},{"@type":"Organization","@id":"https:\/\/buendiaestudios.asdeguiaingenieria.com\/#organization","name":"Buend\u00eda Estudios","url":"https:\/\/buendiaestudios.asdeguiaingenieria.com\/","logo":{"@type":"ImageObject","inLanguage":"en-US","@id":"https:\/\/buendiaestudios.asdeguiaingenieria.com\/#\/schema\/logo\/image\/","url":"https:\/\/buendiaestudios.com\/wp-content\/uploads\/2021\/02\/logo-buendia-estudios.jpg","contentUrl":"https:\/\/buendiaestudios.com\/wp-content\/uploads\/2021\/02\/logo-buendia-estudios.jpg","width":988,"height":325,"caption":"Buend\u00eda Estudios"},"image":{"@id":"https:\/\/buendiaestudios.asdeguiaingenieria.com\/#\/schema\/logo\/image\/"},"sameAs":["https:\/\/www.facebook.com\/buendiaestudios","https:\/\/x.com\/BuendiaEstudios","https:\/\/www.instagram.com\/buendiaestudios\/","https:\/\/www.linkedin.com\/company\/buend\u00eda-estudios\/"]}]}},"_links":{"self":[{"href":"https:\/\/buendiaestudios.asdeguiaingenieria.com\/en\/wp-json\/wp\/v2\/pages\/966","targetHints":{"allow":["GET"]}}],"collection":[{"href":"https:\/\/buendiaestudios.asdeguiaingenieria.com\/en\/wp-json\/wp\/v2\/pages"}],"about":[{"href":"https:\/\/buendiaestudios.asdeguiaingenieria.com\/en\/wp-json\/wp\/v2\/types\/page"}],"author":[{"embeddable":true,"href":"https:\/\/buendiaestudios.asdeguiaingenieria.com\/en\/wp-json\/wp\/v2\/users\/1"}],"replies":[{"embeddable":true,"href":"https:\/\/buendiaestudios.asdeguiaingenieria.com\/en\/wp-json\/wp\/v2\/comments?post=966"}],"version-history":[{"count":8,"href":"https:\/\/buendiaestudios.asdeguiaingenieria.com\/en\/wp-json\/wp\/v2\/pages\/966\/revisions"}],"predecessor-version":[{"id":5034,"href":"https:\/\/buendiaestudios.asdeguiaingenieria.com\/en\/wp-json\/wp\/v2\/pages\/966\/revisions\/5034"}],"wp:attachment":[{"href":"https:\/\/buendiaestudios.asdeguiaingenieria.com\/en\/wp-json\/wp\/v2\/media?parent=966"}],"curies":[{"name":"wp","href":"https:\/\/api.w.org\/{rel}","templated":true}]}}