{"id":1847,"date":"2021-11-03T14:37:48","date_gmt":"2021-11-03T14:37:48","guid":{"rendered":"https:\/\/buendiaestudios.com\/?page_id=1847"},"modified":"2022-01-14T13:05:40","modified_gmt":"2022-01-14T13:05:40","slug":"canal-denuncias","status":"publish","type":"page","link":"https:\/\/buendiaestudios.asdeguiaingenieria.com\/en\/canal-denuncias\/","title":{"rendered":"Canal de denuncias"},"content":{"rendered":"\n<h2 class=\"wp-block-heading\">\u00bfTienes alguna denuncia? Te escuchamos<\/h2>\n\n\n\n<p><\/p>\n\n\n\n<p>Puedes comunicarte con nosotros de manera an\u00f3nima o completando tus datos de contacto m\u00e1s abajo:&nbsp;<\/p>\n\n\n\n<div class=\"wpcf7 no-js\" id=\"wpcf7-f2069-o1\" lang=\"es-ES\" dir=\"ltr\" data-wpcf7-id=\"2069\">\n<div class=\"screen-reader-response\"><p role=\"status\" aria-live=\"polite\" aria-atomic=\"true\"><\/p> <ul><\/ul><\/div>\n<form action=\"\/en\/wp-json\/wp\/v2\/pages\/1847#wpcf7-f2069-o1\" method=\"post\" class=\"wpcf7-form init\" aria-label=\"Formulario de contacto\" enctype=\"multipart\/form-data\" novalidate=\"novalidate\" data-status=\"init\">\n<fieldset class=\"hidden-fields-container\"><input type=\"hidden\" name=\"_wpcf7\" value=\"2069\" \/><input type=\"hidden\" name=\"_wpcf7_version\" value=\"6.1.1\" \/><input type=\"hidden\" name=\"_wpcf7_locale\" value=\"es_ES\" \/><input type=\"hidden\" name=\"_wpcf7_unit_tag\" value=\"wpcf7-f2069-o1\" \/><input type=\"hidden\" name=\"_wpcf7_container_post\" value=\"0\" \/><input type=\"hidden\" name=\"_wpcf7_posted_data_hash\" value=\"\" \/>\n<\/fieldset>\n<div class=\"row row_fw\">\n\t<div class=\"field\">\n\t\t<p><label for=\"\">Descripci\u00f3n detallada de la irregularidad *<\/label><span class=\"wpcf7-form-control-wrap\" data-name=\"your-message\"><textarea cols=\"40\" rows=\"10\" maxlength=\"2000\" class=\"wpcf7-form-control wpcf7-textarea wpcf7-validates-as-required\" aria-required=\"true\" aria-invalid=\"false\" name=\"your-message\"><\/textarea><\/span>\n\t\t<\/p>\n\t<\/div>\n<\/div>\n<div class=\"row\">\n\t<div class=\"field\">\n\t\t<p><label for=\"\">Adjuntar documentaci\u00f3n<\/label><span class=\"wpcf7-form-control-wrap\" data-name=\"file-145\"><input size=\"40\" class=\"wpcf7-form-control wpcf7-file\" accept=\"audio\/*,video\/*,image\/*\" aria-invalid=\"false\" type=\"file\" name=\"file-145\" \/><\/span>\n\t\t<\/p>\n\t<\/div>\n<\/div>\n<div class=\"row\">\n\t<div class=\"field\">\n\t\t<p><label for=\"\">Nombre<\/label><span class=\"wpcf7-form-control-wrap\" data-name=\"your-name\"><input size=\"40\" maxlength=\"400\" class=\"wpcf7-form-control wpcf7-text\" aria-invalid=\"false\" value=\"\" type=\"text\" name=\"your-name\" \/><\/span>\n\t\t<\/p>\n\t<\/div>\n\t<div class=\"field\">\n\t\t<p><label for=\"\">Apellidos<\/label><span class=\"wpcf7-form-control-wrap\" data-name=\"your-surname\"><input size=\"40\" maxlength=\"400\" class=\"wpcf7-form-control wpcf7-text\" aria-invalid=\"false\" value=\"\" type=\"text\" name=\"your-surname\" \/><\/span>\n\t\t<\/p>\n\t<\/div>\n<\/div>\n<div class=\"row\">\n\t<div class=\"field\">\n\t\t<p><label for=\"\">E-mail<\/label><span class=\"wpcf7-form-control-wrap\" data-name=\"your-email\"><input size=\"40\" maxlength=\"400\" class=\"wpcf7-form-control wpcf7-email wpcf7-validates-as-required wpcf7-text wpcf7-validates-as-email\" aria-required=\"true\" aria-invalid=\"false\" value=\"\" type=\"email\" name=\"your-email\" \/><\/span>\n\t\t<\/p>\n\t<\/div>\n\t<div class=\"field\">\n\t\t<p><label for=\"\">Tel\u00e9fono<\/label><span class=\"wpcf7-form-control-wrap\" data-name=\"your-tfn\"><input size=\"40\" maxlength=\"400\" class=\"wpcf7-form-control wpcf7-text\" aria-invalid=\"false\" value=\"\" type=\"text\" name=\"your-tfn\" \/><\/span>\n\t\t<\/p>\n\t<\/div>\n<\/div>\n<div class=\"row row_fw\">\n\t<div class=\"field field-submit\">\n\t\t<div>\n\t\t\t<p>Sus datos ser\u00e1n tratados por BUENDIA con la finalidad de atender su comunicaci\u00f3n, realizar la investigaci\u00f3n de los hechos denunciados, adoptar las medidas correctivas pertinentes en caso de ser necesario, y mantenerle informado sobre el resultado del procedimiento. Podr\u00e1 ejercer sus derechos de acceso, rectificaci\u00f3n, supresi\u00f3n, oposici\u00f3n, limitaci\u00f3n, portabilidad o revocar su consentimiento, mediante correo postal o electr\u00f3nico a\u00a0<a href=\"mailto:protecciondedatos@buendiaestudios.com\">protecciondedatos@buendiaestudios.com<\/a>, acreditando su identidad y concretando su solicitud.<br \/>\nPara m\u00e1s informaci\u00f3n sobre el tratamiento de sus datos, consulte nuestra <a href=\"https:\/\/buendiaestudios.com\/politica-privacidad\/\">pol\u00edtica de privacidad<\/a>.<br \/>\n<span class=\"wpcf7-form-control-wrap\" data-name=\"checkbox-legal\"><span class=\"wpcf7-form-control wpcf7-acceptance\"><span class=\"wpcf7-list-item\"><label><input type=\"checkbox\" name=\"checkbox-legal\" value=\"1\" class=\"chk-legal\" aria-invalid=\"false\" \/><span class=\"wpcf7-list-item-label\">Acepto el tratamiento de mis datos<\/span><\/label><\/span><\/span><\/span>\n\t\t\t<\/p>\n\t\t<\/div>\n\t\t<p><input class=\"wpcf7-form-control wpcf7-submit has-spinner btn\" type=\"submit\" value=\"Enviar\" \/>\n\t\t<\/p>\n\t<\/div>\n<\/div><div class=\"wpcf7-response-output\" aria-hidden=\"true\"><\/div>\n<\/form>\n<\/div>\n\n","protected":false},"excerpt":{"rendered":"<p>\u00bfTienes alguna denuncia? Te escuchamos Puedes comunicarte con nosotros de manera an\u00f3nima o completando tus datos de contacto m\u00e1s abajo:&nbsp;<\/p>\n","protected":false},"author":1,"featured_media":0,"parent":0,"menu_order":0,"comment_status":"closed","ping_status":"closed","template":"page-contact.php","meta":{"_acf_changed":false,"footnotes":""},"class_list":["post-1847","page","type-page","status-publish","hentry"],"acf":[],"yoast_head":"<!-- This site is optimized with the Yoast SEO plugin v25.8 - https:\/\/yoast.com\/wordpress\/plugins\/seo\/ -->\n<title>Canal de denuncias - Buend\u00eda Estudios<\/title>\n<meta name=\"robots\" content=\"noindex, follow, max-snippet:-1, max-image-preview:large, max-video-preview:-1\" \/>\n<meta property=\"og:locale\" content=\"en_US\" \/>\n<meta property=\"og:type\" content=\"article\" \/>\n<meta property=\"og:title\" content=\"Canal de denuncias - Buend\u00eda Estudios\" \/>\n<meta property=\"og:description\" content=\"\u00bfTienes alguna denuncia? Te escuchamos Puedes comunicarte con nosotros de manera an\u00f3nima o completando tus datos de contacto m\u00e1s abajo:&nbsp;\" \/>\n<meta property=\"og:url\" content=\"https:\/\/buendiaestudios.asdeguiaingenieria.com\/canal-denuncias\/\" \/>\n<meta property=\"og:site_name\" content=\"Buend\u00eda Estudios\" \/>\n<meta property=\"article:publisher\" content=\"https:\/\/www.facebook.com\/buendiaestudios\" \/>\n<meta property=\"article:modified_time\" content=\"2022-01-14T13:05:40+00:00\" \/>\n<meta property=\"og:image\" content=\"https:\/\/buendiaestudios.asdeguiaingenieria.com\/media\/2021\/02\/logo-buendia-estudios.jpg\" \/>\n\t<meta property=\"og:image:width\" content=\"988\" \/>\n\t<meta property=\"og:image:height\" content=\"325\" \/>\n\t<meta property=\"og:image:type\" content=\"image\/jpeg\" \/>\n<meta name=\"twitter:card\" content=\"summary_large_image\" \/>\n<meta name=\"twitter:site\" content=\"@BuendiaEstudios\" \/>\n<meta name=\"twitter:label1\" content=\"Est. reading time\" \/>\n\t<meta name=\"twitter:data1\" content=\"1 minute\" \/>\n<script type=\"application\/ld+json\" class=\"yoast-schema-graph\">{\"@context\":\"https:\/\/schema.org\",\"@graph\":[{\"@type\":\"WebPage\",\"@id\":\"https:\/\/buendiaestudios.asdeguiaingenieria.com\/canal-denuncias\/\",\"url\":\"https:\/\/buendiaestudios.asdeguiaingenieria.com\/canal-denuncias\/\",\"name\":\"Canal de denuncias - Buend\u00eda Estudios\",\"isPartOf\":{\"@id\":\"https:\/\/buendiaestudios.asdeguiaingenieria.com\/#website\"},\"datePublished\":\"2021-11-03T14:37:48+00:00\",\"dateModified\":\"2022-01-14T13:05:40+00:00\",\"breadcrumb\":{\"@id\":\"https:\/\/buendiaestudios.asdeguiaingenieria.com\/canal-denuncias\/#breadcrumb\"},\"inLanguage\":\"en-US\",\"potentialAction\":[{\"@type\":\"ReadAction\",\"target\":[\"https:\/\/buendiaestudios.asdeguiaingenieria.com\/canal-denuncias\/\"]}]},{\"@type\":\"BreadcrumbList\",\"@id\":\"https:\/\/buendiaestudios.asdeguiaingenieria.com\/canal-denuncias\/#breadcrumb\",\"itemListElement\":[{\"@type\":\"ListItem\",\"position\":1,\"name\":\"Portada\",\"item\":\"https:\/\/buendiaestudios.asdeguiaingenieria.com\/en\/\"},{\"@type\":\"ListItem\",\"position\":2,\"name\":\"Canal de denuncias\"}]},{\"@type\":\"WebSite\",\"@id\":\"https:\/\/buendiaestudios.asdeguiaingenieria.com\/#website\",\"url\":\"https:\/\/buendiaestudios.asdeguiaingenieria.com\/\",\"name\":\"Buend\u00eda Estudios\",\"description\":\"BUEND\u00cdA ESTUDIOS is an independent production company of audiovisual content created by ATRESMEDIA and TELEFONICA (through Movistar+), in a strategic alliance.\",\"publisher\":{\"@id\":\"https:\/\/buendiaestudios.asdeguiaingenieria.com\/#organization\"},\"potentialAction\":[{\"@type\":\"SearchAction\",\"target\":{\"@type\":\"EntryPoint\",\"urlTemplate\":\"https:\/\/buendiaestudios.asdeguiaingenieria.com\/?s={search_term_string}\"},\"query-input\":{\"@type\":\"PropertyValueSpecification\",\"valueRequired\":true,\"valueName\":\"search_term_string\"}}],\"inLanguage\":\"en-US\"},{\"@type\":\"Organization\",\"@id\":\"https:\/\/buendiaestudios.asdeguiaingenieria.com\/#organization\",\"name\":\"Buend\u00eda Estudios\",\"url\":\"https:\/\/buendiaestudios.asdeguiaingenieria.com\/\",\"logo\":{\"@type\":\"ImageObject\",\"inLanguage\":\"en-US\",\"@id\":\"https:\/\/buendiaestudios.asdeguiaingenieria.com\/#\/schema\/logo\/image\/\",\"url\":\"https:\/\/buendiaestudios.com\/wp-content\/uploads\/2021\/02\/logo-buendia-estudios.jpg\",\"contentUrl\":\"https:\/\/buendiaestudios.com\/wp-content\/uploads\/2021\/02\/logo-buendia-estudios.jpg\",\"width\":988,\"height\":325,\"caption\":\"Buend\u00eda Estudios\"},\"image\":{\"@id\":\"https:\/\/buendiaestudios.asdeguiaingenieria.com\/#\/schema\/logo\/image\/\"},\"sameAs\":[\"https:\/\/www.facebook.com\/buendiaestudios\",\"https:\/\/x.com\/BuendiaEstudios\",\"https:\/\/www.instagram.com\/buendiaestudios\/\",\"https:\/\/www.linkedin.com\/company\/buend\u00eda-estudios\/\"]}]}<\/script>\n<!-- \/ Yoast SEO plugin. -->","yoast_head_json":{"title":"Canal de denuncias - Buend\u00eda Estudios","robots":{"index":"noindex","follow":"follow","max-snippet":"max-snippet:-1","max-image-preview":"max-image-preview:large","max-video-preview":"max-video-preview:-1"},"og_locale":"en_US","og_type":"article","og_title":"Canal de denuncias - Buend\u00eda Estudios","og_description":"\u00bfTienes alguna denuncia? Te escuchamos Puedes comunicarte con nosotros de manera an\u00f3nima o completando tus datos de contacto m\u00e1s abajo:&nbsp;","og_url":"https:\/\/buendiaestudios.asdeguiaingenieria.com\/canal-denuncias\/","og_site_name":"Buend\u00eda Estudios","article_publisher":"https:\/\/www.facebook.com\/buendiaestudios","article_modified_time":"2022-01-14T13:05:40+00:00","og_image":[{"width":988,"height":325,"url":"https:\/\/buendiaestudios.asdeguiaingenieria.com\/media\/2021\/02\/logo-buendia-estudios.jpg","type":"image\/jpeg"}],"twitter_card":"summary_large_image","twitter_site":"@BuendiaEstudios","twitter_misc":{"Est. reading time":"1 minute"},"schema":{"@context":"https:\/\/schema.org","@graph":[{"@type":"WebPage","@id":"https:\/\/buendiaestudios.asdeguiaingenieria.com\/canal-denuncias\/","url":"https:\/\/buendiaestudios.asdeguiaingenieria.com\/canal-denuncias\/","name":"Canal de denuncias - Buend\u00eda Estudios","isPartOf":{"@id":"https:\/\/buendiaestudios.asdeguiaingenieria.com\/#website"},"datePublished":"2021-11-03T14:37:48+00:00","dateModified":"2022-01-14T13:05:40+00:00","breadcrumb":{"@id":"https:\/\/buendiaestudios.asdeguiaingenieria.com\/canal-denuncias\/#breadcrumb"},"inLanguage":"en-US","potentialAction":[{"@type":"ReadAction","target":["https:\/\/buendiaestudios.asdeguiaingenieria.com\/canal-denuncias\/"]}]},{"@type":"BreadcrumbList","@id":"https:\/\/buendiaestudios.asdeguiaingenieria.com\/canal-denuncias\/#breadcrumb","itemListElement":[{"@type":"ListItem","position":1,"name":"Portada","item":"https:\/\/buendiaestudios.asdeguiaingenieria.com\/en\/"},{"@type":"ListItem","position":2,"name":"Canal de denuncias"}]},{"@type":"WebSite","@id":"https:\/\/buendiaestudios.asdeguiaingenieria.com\/#website","url":"https:\/\/buendiaestudios.asdeguiaingenieria.com\/","name":"Buend\u00eda Estudios","description":"BUEND\u00cdA ESTUDIOS is an independent production company of audiovisual content created by ATRESMEDIA and TELEFONICA (through Movistar+), in a strategic alliance.","publisher":{"@id":"https:\/\/buendiaestudios.asdeguiaingenieria.com\/#organization"},"potentialAction":[{"@type":"SearchAction","target":{"@type":"EntryPoint","urlTemplate":"https:\/\/buendiaestudios.asdeguiaingenieria.com\/?s={search_term_string}"},"query-input":{"@type":"PropertyValueSpecification","valueRequired":true,"valueName":"search_term_string"}}],"inLanguage":"en-US"},{"@type":"Organization","@id":"https:\/\/buendiaestudios.asdeguiaingenieria.com\/#organization","name":"Buend\u00eda Estudios","url":"https:\/\/buendiaestudios.asdeguiaingenieria.com\/","logo":{"@type":"ImageObject","inLanguage":"en-US","@id":"https:\/\/buendiaestudios.asdeguiaingenieria.com\/#\/schema\/logo\/image\/","url":"https:\/\/buendiaestudios.com\/wp-content\/uploads\/2021\/02\/logo-buendia-estudios.jpg","contentUrl":"https:\/\/buendiaestudios.com\/wp-content\/uploads\/2021\/02\/logo-buendia-estudios.jpg","width":988,"height":325,"caption":"Buend\u00eda Estudios"},"image":{"@id":"https:\/\/buendiaestudios.asdeguiaingenieria.com\/#\/schema\/logo\/image\/"},"sameAs":["https:\/\/www.facebook.com\/buendiaestudios","https:\/\/x.com\/BuendiaEstudios","https:\/\/www.instagram.com\/buendiaestudios\/","https:\/\/www.linkedin.com\/company\/buend\u00eda-estudios\/"]}]}},"_links":{"self":[{"href":"https:\/\/buendiaestudios.asdeguiaingenieria.com\/en\/wp-json\/wp\/v2\/pages\/1847","targetHints":{"allow":["GET"]}}],"collection":[{"href":"https:\/\/buendiaestudios.asdeguiaingenieria.com\/en\/wp-json\/wp\/v2\/pages"}],"about":[{"href":"https:\/\/buendiaestudios.asdeguiaingenieria.com\/en\/wp-json\/wp\/v2\/types\/page"}],"author":[{"embeddable":true,"href":"https:\/\/buendiaestudios.asdeguiaingenieria.com\/en\/wp-json\/wp\/v2\/users\/1"}],"replies":[{"embeddable":true,"href":"https:\/\/buendiaestudios.asdeguiaingenieria.com\/en\/wp-json\/wp\/v2\/comments?post=1847"}],"version-history":[{"count":6,"href":"https:\/\/buendiaestudios.asdeguiaingenieria.com\/en\/wp-json\/wp\/v2\/pages\/1847\/revisions"}],"predecessor-version":[{"id":2085,"href":"https:\/\/buendiaestudios.asdeguiaingenieria.com\/en\/wp-json\/wp\/v2\/pages\/1847\/revisions\/2085"}],"wp:attachment":[{"href":"https:\/\/buendiaestudios.asdeguiaingenieria.com\/en\/wp-json\/wp\/v2\/media?parent=1847"}],"curies":[{"name":"wp","href":"https:\/\/api.w.org\/{rel}","templated":true}]}}